{"id":2500,"date":"2019-03-06T07:16:00","date_gmt":"2019-03-06T07:16:00","guid":{"rendered":"https:\/\/canafricaproducts.com\/blog\/"},"modified":"2024-05-28T19:04:41","modified_gmt":"2024-05-28T19:04:41","slug":"blog","status":"publish","type":"page","link":"https:\/\/canafricaproducts.com\/en\/blog\/","title":{"rendered":"Blog"},"content":{"rendered":"\t\t<div data-elementor-type=\"wp-post\" data-elementor-id=\"2500\" class=\"elementor elementor-2500 elementor-577\">\n\t\t\t\t\t\t<section class=\"elementor-section elementor-top-section elementor-element elementor-element-c27557a elementor-section-stretched lt-portfolio elementor-section-boxed elementor-section-height-default elementor-section-height-default\" data-id=\"c27557a\" data-element_type=\"section\" data-settings=\"{&quot;stretch_section&quot;:&quot;section-stretched&quot;,&quot;background_background&quot;:&quot;classic&quot;}\">\n\t\t\t\t\t\t\t<div class=\"elementor-background-overlay\"><\/div>\n\t\t\t\t\t\t\t<div class=\"elementor-container elementor-column-gap-default\">\n\t\t\t\t\t<div class=\"elementor-column elementor-col-100 elementor-top-column elementor-element elementor-element-ea23d42\" data-id=\"ea23d42\" data-element_type=\"column\">\n\t\t\t<div class=\"elementor-widget-wrap elementor-element-populated\">\n\t\t\t\t\t\t<div class=\"elementor-element elementor-element-11d32e7 lt-title-large elementor-widget elementor-widget-heading\" data-id=\"11d32e7\" data-element_type=\"widget\" data-widget_type=\"heading.default\">\n\t\t\t\t<div class=\"elementor-widget-container\">\n\t\t\t\t\t<h2 class=\"elementor-heading-title elementor-size-default\">Blog<\/h2>\t\t\t\t<\/div>\n\t\t\t\t<\/div>\n\t\t\t\t<div class=\"elementor-element elementor-element-99e4a4c elementor-widget-divider--view-line elementor-widget elementor-widget-divider\" data-id=\"99e4a4c\" data-element_type=\"widget\" data-widget_type=\"divider.default\">\n\t\t\t\t<div class=\"elementor-widget-container\">\n\t\t\t\t\t\t\t<div class=\"elementor-divider\">\n\t\t\t<span class=\"elementor-divider-separator\">\n\t\t\t\t\t\t<\/span>\n\t\t<\/div>\n\t\t\t\t\t\t<\/div>\n\t\t\t\t<\/div>\n\t\t\t\t\t<\/div>\n\t\t<\/div>\n\t\t\t\t\t<\/div>\n\t\t<\/section>\n\t\t\t\t<section class=\"elementor-section elementor-top-section elementor-element elementor-element-e5b18d4 elementor-section-boxed elementor-section-height-default elementor-section-height-default\" data-id=\"e5b18d4\" data-element_type=\"section\">\n\t\t\t\t\t\t<div class=\"elementor-container elementor-column-gap-default\">\n\t\t\t\t\t<div class=\"elementor-column elementor-col-100 elementor-top-column elementor-element elementor-element-244d69b\" data-id=\"244d69b\" data-element_type=\"column\">\n\t\t\t<div class=\"elementor-widget-wrap elementor-element-populated\">\n\t\t\t\t\t\t<div class=\"elementor-element elementor-element-87934d1 lt-blog-item premium-blog-align-left elementor-widget elementor-widget-premium-addon-blog\" data-id=\"87934d1\" data-element_type=\"widget\" data-settings=\"{&quot;premium_blog_columns_number&quot;:&quot;33.33%&quot;,&quot;premium_blog_grid&quot;:&quot;yes&quot;,&quot;premium_blog_layout&quot;:&quot;even&quot;,&quot;premium_blog_columns_number_tablet&quot;:&quot;50%&quot;,&quot;premium_blog_columns_number_mobile&quot;:&quot;100%&quot;}\" data-widget_type=\"premium-addon-blog.default\">\n\t\t\t\t<div class=\"elementor-widget-container\">\n\t\t\t\t\t\n\t\t\n\n\t\t\t\t<div class=\"premium-blog-wrap  premium-blog-even\" data-page=\"2500\">\n\t\t\t\t\t\t\t\t\t<div class=\"premium-blog-post-outer-container\" data-total=\"1\">\n\t\t\t<div class=\"premium-blog-post-container premium-blog-skin-classic\">\n\t\t\t\t\t\t\t\t\t<div class=\"premium-blog-thumb-effect-wrapper\">\n\t\t\t\t\t\t<div class=\"premium-blog-thumbnail-container premium-blog-zoomin-effect\">\n\t\t\t\t\t\t\t<img fetchpriority=\"high\" decoding=\"async\" width=\"1000\" height=\"700\" src=\"https:\/\/canafricaproducts.com\/wp-content\/uploads\/2024\/05\/Design-sans-titre-17.jpg\" class=\"attachment-full size-full wp-image-2479\" alt=\"\" srcset=\"https:\/\/canafricaproducts.com\/wp-content\/uploads\/2024\/05\/Design-sans-titre-17.jpg 1000w, https:\/\/canafricaproducts.com\/wp-content\/uploads\/2024\/05\/Design-sans-titre-17-500x350.jpg 500w, https:\/\/canafricaproducts.com\/wp-content\/uploads\/2024\/05\/Design-sans-titre-17-768x538.jpg 768w, https:\/\/canafricaproducts.com\/wp-content\/uploads\/2024\/05\/Design-sans-titre-17-600x420.jpg 600w\" sizes=\"(max-width: 709px) 85vw, (max-width: 909px) 67vw, (max-width: 1362px) 62vw, 840px\" \/>\t\t\t\t\t\t<\/div>\n\t\t\t\t\t\t\t\t\t\t\t\t\t<div class=\"premium-blog-thumbnail-overlay\">\n\t\t\t\t\t\t\t\t<a class=\"elementor-icon\" href=\"https:\/\/canafricaproducts.com\/en\/the-rise-of-the-exotic-agricultural-products-market-in-dubai-opportunities-and-challenges\/\" target=\"_blank\"><\/a>\n\t\t\t\t\t\t\t<\/div>\n\n\t\t\t\t\t\t\t\t\t\t\t\t\t\t\t\t\t\t<\/div>\n\t\t\t\t\t\t\t\t\t\t\t\t<div class=\"premium-blog-content-wrapper \">\n\n\t\t\t\t\t<div class=\"premium-blog-inner-container\">\n\n\t\t\t\t\t\t\t\t\t\t\t\t\t\t<h2 class=\"premium-blog-entry-title\">\n\t\t\t<a href=\"https:\/\/canafricaproducts.com\/en\/the-rise-of-the-exotic-agricultural-products-market-in-dubai-opportunities-and-challenges\/\" target=\"_blank\">\n\t\t\t\tThe Rise of the Exotic Agricultural Products Market in Dubai: Opportunities and Challenges\t\t\t<\/a>\n\t\t<\/h2>\n\t\t\t\t<div class=\"premium-blog-entry-meta\">\n\t\t\t\t\t\t\t<div class=\"premium-blog-post-author premium-blog-meta-data\">\n\t\t\t\t\t<i class=\"fa fa-user fa-fw\" aria-hidden=\"true\"><\/i>\n\t\t\t\t\t<a href=\"https:\/\/canafricaproducts.com\/en\/author\/admin\/\" title=\"Posts by admin\" rel=\"author\">admin<\/a>\t\t\t\t<\/div>\n\t\t\t\n\t\t\t\t\t\t\t<span class=\"premium-blog-meta-separator\">\u2022<\/span>\n\t\t\t\t<div class=\"premium-blog-post-time premium-blog-meta-data\">\n\t\t\t\t\t<i class=\"fa fa-calendar-alt\" aria-hidden=\"true\"><\/i>\n\t\t\t\t\t<span>May 28, 2024<\/span>\n\t\t\t\t<\/div>\n\t\t\t\n\t\t\t\n\t\t\t\t\t<\/div>\n\t\t\n\t\t\t\t\t<\/div>\n\n\t\t\t\t\t\t\t<div class=\"premium-blog-content-inner-wrapper\">\n\t\t<p class=\"premium-blog-post-content\">Dubai, famous for its economic dynamism and openness to international markets, is becoming a hub for exotic agricultural products. CANAFRICA PRODUCTS is at the heart of this growing market, supplying \u2026<\/p>\t\t<\/div>\n\t\t\t\t\t\t\t\n\t\t\t\t<\/div>\n\t\t\t<\/div>\n\t\t<\/div>\n\n\t\t\t\t<div class=\"premium-blog-post-outer-container\" data-total=\"1\">\n\t\t\t<div class=\"premium-blog-post-container premium-blog-skin-classic\">\n\t\t\t\t\t\t\t\t\t<div class=\"premium-blog-thumb-effect-wrapper\">\n\t\t\t\t\t\t<div class=\"premium-blog-thumbnail-container premium-blog-zoomin-effect\">\n\t\t\t\t\t\t\t<img decoding=\"async\" width=\"1000\" height=\"700\" src=\"https:\/\/canafricaproducts.com\/wp-content\/uploads\/2024\/05\/Design-sans-titre-18.jpg\" class=\"attachment-full size-full wp-image-2478\" alt=\"\" srcset=\"https:\/\/canafricaproducts.com\/wp-content\/uploads\/2024\/05\/Design-sans-titre-18.jpg 1000w, https:\/\/canafricaproducts.com\/wp-content\/uploads\/2024\/05\/Design-sans-titre-18-500x350.jpg 500w, https:\/\/canafricaproducts.com\/wp-content\/uploads\/2024\/05\/Design-sans-titre-18-768x538.jpg 768w, https:\/\/canafricaproducts.com\/wp-content\/uploads\/2024\/05\/Design-sans-titre-18-600x420.jpg 600w\" sizes=\"(max-width: 709px) 85vw, (max-width: 909px) 67vw, (max-width: 1362px) 62vw, 840px\" \/>\t\t\t\t\t\t<\/div>\n\t\t\t\t\t\t\t\t\t\t\t\t\t<div class=\"premium-blog-thumbnail-overlay\">\n\t\t\t\t\t\t\t\t<a class=\"elementor-icon\" href=\"https:\/\/canafricaproducts.com\/en\/how-canada-west-africa-trade-stimulates-the-local-economy\/\" target=\"_blank\"><\/a>\n\t\t\t\t\t\t\t<\/div>\n\n\t\t\t\t\t\t\t\t\t\t\t\t\t\t\t\t\t\t<\/div>\n\t\t\t\t\t\t\t\t\t\t\t\t<div class=\"premium-blog-content-wrapper \">\n\n\t\t\t\t\t<div class=\"premium-blog-inner-container\">\n\n\t\t\t\t\t\t\t\t\t\t\t\t\t\t<h2 class=\"premium-blog-entry-title\">\n\t\t\t<a href=\"https:\/\/canafricaproducts.com\/en\/how-canada-west-africa-trade-stimulates-the-local-economy\/\" target=\"_blank\">\n\t\t\t\tHow Canada-West Africa Trade Stimulates the Local Economy\t\t\t<\/a>\n\t\t<\/h2>\n\t\t\t\t<div class=\"premium-blog-entry-meta\">\n\t\t\t\t\t\t\t<div class=\"premium-blog-post-author premium-blog-meta-data\">\n\t\t\t\t\t<i class=\"fa fa-user fa-fw\" aria-hidden=\"true\"><\/i>\n\t\t\t\t\t<a href=\"https:\/\/canafricaproducts.com\/en\/author\/admin\/\" title=\"Posts by admin\" rel=\"author\">admin<\/a>\t\t\t\t<\/div>\n\t\t\t\n\t\t\t\t\t\t\t<span class=\"premium-blog-meta-separator\">\u2022<\/span>\n\t\t\t\t<div class=\"premium-blog-post-time premium-blog-meta-data\">\n\t\t\t\t\t<i class=\"fa fa-calendar-alt\" aria-hidden=\"true\"><\/i>\n\t\t\t\t\t<span>May 28, 2024<\/span>\n\t\t\t\t<\/div>\n\t\t\t\n\t\t\t\n\t\t\t\t\t<\/div>\n\t\t\n\t\t\t\t\t<\/div>\n\n\t\t\t\t\t\t\t<div class=\"premium-blog-content-inner-wrapper\">\n\t\t<p class=\"premium-blog-post-content\">Trade between Canada and West Africa has grown significantly in recent years. CANAFRICA PRODUCTS plays a key role in this dynamic by facilitating the import of high-quality agricultural products from \u2026<\/p>\t\t<\/div>\n\t\t\t\t\t\t\t\n\t\t\t\t<\/div>\n\t\t\t<\/div>\n\t\t<\/div>\n\n\t\t\t\t<div class=\"premium-blog-post-outer-container\" data-total=\"1\">\n\t\t\t<div class=\"premium-blog-post-container premium-blog-skin-classic\">\n\t\t\t\t\t\t\t\t\t<div class=\"premium-blog-thumb-effect-wrapper\">\n\t\t\t\t\t\t<div class=\"premium-blog-thumbnail-container premium-blog-zoomin-effect\">\n\t\t\t\t\t\t\t<img decoding=\"async\" width=\"1000\" height=\"700\" src=\"https:\/\/canafricaproducts.com\/wp-content\/uploads\/2024\/05\/Design-sans-titre-16.jpg\" class=\"attachment-full size-full wp-image-2477\" alt=\"\" srcset=\"https:\/\/canafricaproducts.com\/wp-content\/uploads\/2024\/05\/Design-sans-titre-16.jpg 1000w, https:\/\/canafricaproducts.com\/wp-content\/uploads\/2024\/05\/Design-sans-titre-16-500x350.jpg 500w, https:\/\/canafricaproducts.com\/wp-content\/uploads\/2024\/05\/Design-sans-titre-16-768x538.jpg 768w, https:\/\/canafricaproducts.com\/wp-content\/uploads\/2024\/05\/Design-sans-titre-16-600x420.jpg 600w\" sizes=\"(max-width: 709px) 85vw, (max-width: 909px) 67vw, (max-width: 1362px) 62vw, 840px\" \/>\t\t\t\t\t\t<\/div>\n\t\t\t\t\t\t\t\t\t\t\t\t\t<div class=\"premium-blog-thumbnail-overlay\">\n\t\t\t\t\t\t\t\t<a class=\"elementor-icon\" href=\"https:\/\/canafricaproducts.com\/en\/the-benefits-of-high-quality-agricultural-products-from-west-africa\/\" target=\"_blank\"><\/a>\n\t\t\t\t\t\t\t<\/div>\n\n\t\t\t\t\t\t\t\t\t\t\t\t\t\t\t\t\t\t<\/div>\n\t\t\t\t\t\t\t\t\t\t\t\t<div class=\"premium-blog-content-wrapper \">\n\n\t\t\t\t\t<div class=\"premium-blog-inner-container\">\n\n\t\t\t\t\t\t\t\t\t\t\t\t\t\t<h2 class=\"premium-blog-entry-title\">\n\t\t\t<a href=\"https:\/\/canafricaproducts.com\/en\/the-benefits-of-high-quality-agricultural-products-from-west-africa\/\" target=\"_blank\">\n\t\t\t\tThe benefits of high-quality agricultural products from West Africa\t\t\t<\/a>\n\t\t<\/h2>\n\t\t\t\t<div class=\"premium-blog-entry-meta\">\n\t\t\t\t\t\t\t<div class=\"premium-blog-post-author premium-blog-meta-data\">\n\t\t\t\t\t<i class=\"fa fa-user fa-fw\" aria-hidden=\"true\"><\/i>\n\t\t\t\t\t<a href=\"https:\/\/canafricaproducts.com\/en\/author\/admin\/\" title=\"Posts by admin\" rel=\"author\">admin<\/a>\t\t\t\t<\/div>\n\t\t\t\n\t\t\t\t\t\t\t<span class=\"premium-blog-meta-separator\">\u2022<\/span>\n\t\t\t\t<div class=\"premium-blog-post-time premium-blog-meta-data\">\n\t\t\t\t\t<i class=\"fa fa-calendar-alt\" aria-hidden=\"true\"><\/i>\n\t\t\t\t\t<span>May 28, 2024<\/span>\n\t\t\t\t<\/div>\n\t\t\t\n\t\t\t\n\t\t\t\t\t<\/div>\n\t\t\n\t\t\t\t\t<\/div>\n\n\t\t\t\t\t\t\t<div class=\"premium-blog-content-inner-wrapper\">\n\t\t<p class=\"premium-blog-post-content\">West Africa is a region rich in natural resources and unique agricultural products. CANAFRICA PRODUCTS strives to supply high-quality agricultural products from this region, meeting the growing demand from Canadian \u2026<\/p>\t\t<\/div>\n\t\t\t\t\t\t\t\n\t\t\t\t<\/div>\n\t\t\t<\/div>\n\t\t<\/div>\n\n\t\t\t\t\t\t\t<\/div>\n\n\t\t\n\t\t\n\t\t\t\t\t\t<\/div>\n\t\t\t\t<\/div>\n\t\t\t\t\t<\/div>\n\t\t<\/div>\n\t\t\t\t\t<\/div>\n\t\t<\/section>\n\t\t\t\t<\/div>\n\t\t","protected":false},"excerpt":{"rendered":"<p>Blog L&rsquo;Essor du March\u00e9 des Produits Agricoles Exotiques \u00e0 Duba\u00ef : Opportunit\u00e9s et D\u00e9fis L&rsquo;Essor du March\u00e9 des Produits Agricoles Exotiques \u00e0 Duba\u00ef : Opportunit\u00e9s et D\u00e9fis admin \u2022 mai 28, 2024 Duba\u00ef, c\u00e9l\u00e8bre pour son dynamisme \u00e9conomique et son ouverture aux march\u00e9s internationaux, est en train de devenir une plaque tournante pour les produits &hellip; <a href=\"https:\/\/canafricaproducts.com\/en\/the-benefits-of-high-quality-agricultural-products-from-west-africa\/\" class=\"more-link\">Continue reading<span class=\"screen-reader-text\"> &#8220;The benefits of high-quality agricultural products from West Africa&#8221;<\/span><\/a><\/p>\n","protected":false},"author":1,"featured_media":0,"parent":0,"menu_order":0,"comment_status":"closed","ping_status":"closed","template":"","meta":{"footnotes":""},"_links":{"self":[{"href":"https:\/\/canafricaproducts.com\/en\/wp-json\/wp\/v2\/pages\/2500"}],"collection":[{"href":"https:\/\/canafricaproducts.com\/en\/wp-json\/wp\/v2\/pages"}],"about":[{"href":"https:\/\/canafricaproducts.com\/en\/wp-json\/wp\/v2\/types\/page"}],"author":[{"embeddable":true,"href":"https:\/\/canafricaproducts.com\/en\/wp-json\/wp\/v2\/users\/1"}],"replies":[{"embeddable":true,"href":"https:\/\/canafricaproducts.com\/en\/wp-json\/wp\/v2\/comments?post=2500"}],"version-history":[{"count":1,"href":"https:\/\/canafricaproducts.com\/en\/wp-json\/wp\/v2\/pages\/2500\/revisions"}],"predecessor-version":[{"id":2504,"href":"https:\/\/canafricaproducts.com\/en\/wp-json\/wp\/v2\/pages\/2500\/revisions\/2504"}],"wp:attachment":[{"href":"https:\/\/canafricaproducts.com\/en\/wp-json\/wp\/v2\/media?parent=2500"}],"curies":[{"name":"wp","href":"https:\/\/api.w.org\/{rel}","templated":true}]}}